{"id":610,"date":"2025-05-15T16:49:35","date_gmt":"2025-05-15T13:49:35","guid":{"rendered":"https:\/\/asyabeauty.com\/?page_id=610"},"modified":"2025-05-28T22:13:35","modified_gmt":"2025-05-28T19:13:35","slug":"kvkk-aciklama-metni%cc%87","status":"publish","type":"page","link":"https:\/\/asyabeauty.com\/tr\/kvkk-aciklama-metni%cc%87\/","title":{"rendered":"KVKK Ayd\u0131nlatma Metni"},"content":{"rendered":"<div data-elementor-type=\"wp-page\" data-elementor-id=\"610\" class=\"elementor elementor-610\" data-elementor-post-type=\"page\">\n\t\t\t\t<div class=\"elementor-element elementor-element-8e439bb elementor-hidden-tablet elementor-hidden-mobile e-flex e-con-boxed e-con e-parent\" data-id=\"8e439bb\" data-element_type=\"container\">\n\t\t\t\t\t<div class=\"e-con-inner\">\n\t\t\t\t<div class=\"elementor-element elementor-element-0de3340 elementor-widget elementor-widget-spacer\" data-id=\"0de3340\" data-element_type=\"widget\" data-widget_type=\"spacer.default\">\n\t\t\t\t<div class=\"elementor-widget-container\">\n\t\t\t\t\t\t\t<div class=\"elementor-spacer\">\n\t\t\t<div class=\"elementor-spacer-inner\"><\/div>\n\t\t<\/div>\n\t\t\t\t\t\t<\/div>\n\t\t\t\t<\/div>\n\t\t\t\t\t<\/div>\n\t\t\t\t<\/div>\n\t\t<div class=\"elementor-element elementor-element-0a2d873 e-flex e-con-boxed e-con e-parent\" data-id=\"0a2d873\" data-element_type=\"container\">\n\t\t\t\t\t<div class=\"e-con-inner\">\n\t\t\t\t<div class=\"elementor-element elementor-element-c8e360b elementor-widget elementor-widget-text-editor\" data-id=\"c8e360b\" data-element_type=\"widget\" data-widget_type=\"text-editor.default\">\n\t\t\t\t<div class=\"elementor-widget-container\">\n\t\t\t\t\t\t\t\t\t<p class=\"\" data-start=\"336\" data-end=\"363\"><strong data-start=\"336\" data-end=\"363\">KVKK Ayd\u0131nlatma Metni<\/strong><\/p><p class=\"\" data-start=\"365\" data-end=\"519\">Asya G\u00fczellik, 6698 say\u0131l\u0131 Ki\u015fisel Verilerin Korunmas\u0131 Kanunu (KVKK) uyar\u0131nca, ki\u015fisel verilerinizin i\u015flenmesine ili\u015fkin olarak sizleri bilgilendirmektedir.<\/p><h3 class=\"\" data-start=\"521\" data-end=\"541\">Veri Kontrol\u00f6r\u00fc:<\/h3><p class=\"\" data-start=\"542\" data-end=\"645\">Asya G\u00fczellik, ki\u015fisel verilerinizin toplanmas\u0131 ve i\u015flenmesinden sorumlu veri denetleyicisidir.<\/p><h3 class=\"\" data-start=\"647\" data-end=\"678\">Veri \u0130\u015fleme Amac\u0131:<\/h3><p class=\"\" data-start=\"679\" data-end=\"748\">Ki\u015fisel verilerinizi a\u015fa\u011f\u0131daki ama\u00e7lar i\u00e7in topluyor ve i\u015fliyoruz:<\/p><ul data-start=\"749\" data-end=\"942\"><li class=\"\" data-start=\"749\" data-end=\"777\"><p class=\"\" data-start=\"751\" data-end=\"777\">G\u00fczellik hizmetleri sunmak<\/p><\/li><li class=\"\" data-start=\"778\" data-end=\"823\"><p class=\"\" data-start=\"780\" data-end=\"823\">Randevular\u0131 ve m\u00fc\u015fteri deste\u011fini y\u00f6netmek<\/p><\/li><li class=\"\" data-start=\"824\" data-end=\"873\"><p class=\"\" data-start=\"826\" data-end=\"873\">Hizmetle ilgili bilgi ve g\u00fcncellemeleri g\u00f6ndermek i\u00e7in<\/p><\/li><li class=\"\" data-start=\"874\" data-end=\"942\"><p class=\"\" data-start=\"876\" data-end=\"942\">Yasal uyumlulu\u011fu sa\u011flamak ve s\u00f6zle\u015fmeden do\u011fan y\u00fck\u00fcml\u00fcl\u00fcklerimizi yerine getirmek i\u00e7in<\/p><\/li><\/ul><h3 class=\"\" data-start=\"944\" data-end=\"981\">Toplanan Ki\u015fisel Veri T\u00fcrleri:<\/h3><p class=\"\" data-start=\"982\" data-end=\"1016\">A\u015fa\u011f\u0131daki verileri toplayabiliriz:<\/p><ul data-start=\"1017\" data-end=\"1136\"><li class=\"\" data-start=\"1017\" data-end=\"1032\"><p class=\"\" data-start=\"1019\" data-end=\"1032\">Ad, soyad<\/p><\/li><li class=\"\" data-start=\"1033\" data-end=\"1076\"><p class=\"\" data-start=\"1035\" data-end=\"1076\">\u0130leti\u015fim bilgileri (telefon numaras\u0131, e-posta)<\/p><\/li><li class=\"\" data-start=\"1077\" data-end=\"1112\"><p class=\"\" data-start=\"1079\" data-end=\"1112\">Randevu ve tedavi ge\u00e7mi\u015fi<\/p><\/li><li class=\"\" data-start=\"1113\" data-end=\"1136\"><p class=\"\" data-start=\"1115\" data-end=\"1136\">Geri bildirim ve yorumlar<\/p><\/li><\/ul><h3 class=\"\" data-start=\"1138\" data-end=\"1154\">Yasal Dayanak:<\/h3><p class=\"\" data-start=\"1155\" data-end=\"1196\">Ki\u015fisel verileriniz a\u015fa\u011f\u0131dakilere dayal\u0131 olarak i\u015flenmektedir:<\/p><ul data-start=\"1197\" data-end=\"1331\"><li class=\"\" data-start=\"1197\" data-end=\"1220\"><p class=\"\" data-start=\"1199\" data-end=\"1220\">A\u00e7\u0131k r\u0131zan\u0131z<\/p><\/li><li class=\"\" data-start=\"1221\" data-end=\"1240\"><p class=\"\" data-start=\"1223\" data-end=\"1240\">Yasal y\u00fck\u00fcml\u00fcl\u00fckler<\/p><\/li><li class=\"\" data-start=\"1241\" data-end=\"1331\"><p class=\"\" data-start=\"1243\" data-end=\"1331\">Temel haklar\u0131n\u0131za zarar vermemek kayd\u0131yla \u015firketimizin me\u015fru menfaati<\/p><\/li><\/ul><h3 class=\"\" data-start=\"1333\" data-end=\"1360\">KVKK Kapsam\u0131ndaki Haklar\u0131n\u0131z:<\/h3><p class=\"\" data-start=\"1361\" data-end=\"1416\">KVKK'n\u0131n 11. Maddesine g\u00f6re, a\u015fa\u011f\u0131daki haklara sahipsiniz:<\/p><ul data-start=\"1417\" data-end=\"1653\"><li class=\"\" data-start=\"1417\" data-end=\"1470\"><p class=\"\" data-start=\"1419\" data-end=\"1470\">Ki\u015fisel verilerinizin i\u015flenip i\u015flenmedi\u011fini \u00f6\u011frenme<\/p><\/li><li class=\"\" data-start=\"1471\" data-end=\"1517\"><p class=\"\" data-start=\"1473\" data-end=\"1517\">Ki\u015fisel verileriniz hakk\u0131nda bilgi talep etme<\/p><\/li><li class=\"\" data-start=\"1518\" data-end=\"1551\"><p class=\"\" data-start=\"1520\" data-end=\"1551\">\u0130\u015flemenin amac\u0131n\u0131 \u00f6\u011frenin<\/p><\/li><li class=\"\" data-start=\"1552\" data-end=\"1597\"><p class=\"\" data-start=\"1554\" data-end=\"1597\">Verilerinizin d\u00fczeltilmesini veya silinmesini talep edin<\/p><\/li><li class=\"\" data-start=\"1598\" data-end=\"1653\"><p class=\"\" data-start=\"1600\" data-end=\"1653\">Belirli ko\u015fullar alt\u0131nda i\u015flemeye itiraz etme<\/p><\/li><\/ul><h3 class=\"\" data-start=\"1655\" data-end=\"1667\">\u0130leti\u015fim:<\/h3><p class=\"\" data-start=\"1668\" data-end=\"1716\">Haklar\u0131n\u0131z\u0131 kullanmak i\u00e7in bizimle ileti\u015fime ge\u00e7ebilirsiniz:<\/p><ul data-start=\"1717\" data-end=\"1812\"><li class=\"\" data-start=\"1717\" data-end=\"1745\"><p class=\"\" data-start=\"1719\" data-end=\"1745\">E-posta: <a class=\"cursor-pointer\" rel=\"noopener\" data-start=\"1726\" data-end=\"1745\">info@asyabeauty.com<\/a><\/p><\/li><li class=\"\" data-start=\"1746\" data-end=\"1776\"><p class=\"\" data-start=\"1748\" data-end=\"1776\">Telefon:+90 5536396772<\/p><\/li><\/ul>\t\t\t\t\t\t\t\t<\/div>\n\t\t\t\t<\/div>\n\t\t\t\t\t<\/div>\n\t\t\t\t<\/div>\n\t\t\t\t<\/div>","protected":false},"excerpt":{"rendered":"<p>KVKK Ayd\u0131nlatma Metni Asya G\u00fczellik, 6698 say\u0131l\u0131 Ki\u015fisel Verilerin Korunmas\u0131 Kanunu (KVKK) uyar\u0131nca, ki\u015fisel verilerinizin i\u015flenmesine ili\u015fkin olarak sizleri bilgilendirmektedir. Veri Sorumlusu: Asya G\u00fczellik, ki\u015fisel verilerinizin toplanmas\u0131 ve i\u015flenmesinden sorumlu olan veri sorumlusudur. Veri \u0130\u015flemenin Amac\u0131: Toplad\u0131\u011f\u0131m\u0131z ve i\u015fledi\u011fimiz [...]<\/p>","protected":false},"author":1,"featured_media":0,"parent":0,"menu_order":0,"comment_status":"closed","ping_status":"closed","template":"elementor_header_footer","meta":{"footnotes":""},"class_list":["post-610","page","type-page","status-publish","hentry"],"_links":{"self":[{"href":"https:\/\/asyabeauty.com\/tr\/wp-json\/wp\/v2\/pages\/610","targetHints":{"allow":["GET"]}}],"collection":[{"href":"https:\/\/asyabeauty.com\/tr\/wp-json\/wp\/v2\/pages"}],"about":[{"href":"https:\/\/asyabeauty.com\/tr\/wp-json\/wp\/v2\/types\/page"}],"author":[{"embeddable":true,"href":"https:\/\/asyabeauty.com\/tr\/wp-json\/wp\/v2\/users\/1"}],"replies":[{"embeddable":true,"href":"https:\/\/asyabeauty.com\/tr\/wp-json\/wp\/v2\/comments?post=610"}],"version-history":[{"count":0,"href":"https:\/\/asyabeauty.com\/tr\/wp-json\/wp\/v2\/pages\/610\/revisions"}],"wp:attachment":[{"href":"https:\/\/asyabeauty.com\/tr\/wp-json\/wp\/v2\/media?parent=610"}],"curies":[{"name":"wp","href":"https:\/\/api.w.org\/{rel}","templated":true}]}}