{"id":615,"date":"2025-05-15T16:51:55","date_gmt":"2025-05-15T13:51:55","guid":{"rendered":"https:\/\/asyabeauty.com\/?page_id=615"},"modified":"2025-05-28T00:18:50","modified_gmt":"2025-05-27T21:18:50","slug":"gi%cc%87zli%cc%87li%cc%87k-poli%cc%87ti%cc%87kasi-2","status":"publish","type":"page","link":"https:\/\/asyabeauty.com\/tr\/gi%cc%87zli%cc%87li%cc%87k-poli%cc%87ti%cc%87kasi-2\/","title":{"rendered":"Gizlilik Politikas\u0131"},"content":{"rendered":"<div data-elementor-type=\"wp-page\" data-elementor-id=\"615\" class=\"elementor elementor-615\" data-elementor-post-type=\"page\">\n\t\t\t\t<div class=\"elementor-element elementor-element-0dd73d5 elementor-hidden-mobile e-flex e-con-boxed e-con e-parent\" data-id=\"0dd73d5\" data-element_type=\"container\">\n\t\t\t\t\t<div class=\"e-con-inner\">\n\t\t\t\t<div class=\"elementor-element elementor-element-21389d8 elementor-widget elementor-widget-spacer\" data-id=\"21389d8\" data-element_type=\"widget\" data-widget_type=\"spacer.default\">\n\t\t\t\t<div class=\"elementor-widget-container\">\n\t\t\t\t\t\t\t<div class=\"elementor-spacer\">\n\t\t\t<div class=\"elementor-spacer-inner\"><\/div>\n\t\t<\/div>\n\t\t\t\t\t\t<\/div>\n\t\t\t\t<\/div>\n\t\t\t\t\t<\/div>\n\t\t\t\t<\/div>\n\t\t<div class=\"elementor-element elementor-element-3f67535 e-flex e-con-boxed e-con e-parent\" data-id=\"3f67535\" data-element_type=\"container\">\n\t\t\t\t\t<div class=\"e-con-inner\">\n\t\t\t\t<div class=\"elementor-element elementor-element-be8eb26 elementor-widget elementor-widget-text-editor\" data-id=\"be8eb26\" data-element_type=\"widget\" data-widget_type=\"text-editor.default\">\n\t\t\t\t<div class=\"elementor-widget-container\">\n\t\t\t\t\t\t\t\t\t<p class=\"\" data-start=\"1849\" data-end=\"1867\"><strong data-start=\"1849\" data-end=\"1867\">Gizlilik Politikas\u0131<\/strong><\/p><p class=\"\" data-start=\"1869\" data-end=\"2024\">Bu gizlilik politikas\u0131, Asya Beauty'nin web sitemizi ziyaret etti\u011finizde veya hizmetlerimizi kulland\u0131\u011f\u0131n\u0131zda ki\u015fisel bilgilerinizi nas\u0131l toplad\u0131\u011f\u0131n\u0131, kulland\u0131\u011f\u0131n\u0131, payla\u015ft\u0131\u011f\u0131n\u0131 ve korudu\u011funu a\u00e7\u0131klar.<\/p><h3 class=\"\" data-start=\"2026\" data-end=\"2053\">Toplad\u0131\u011f\u0131m\u0131z Bilgiler:<\/h3><p class=\"\" data-start=\"2054\" data-end=\"2069\">Toplayabiliriz:<\/p><ul data-start=\"2070\" data-end=\"2219\"><li class=\"\" data-start=\"2070\" data-end=\"2109\"><p class=\"\" data-start=\"2072\" data-end=\"2109\">\u0130sim, e-posta adresi ve telefon numaras\u0131<\/p><\/li><li class=\"\" data-start=\"2110\" data-end=\"2143\"><p class=\"\" data-start=\"2112\" data-end=\"2143\">Randevu ve servis detaylar\u0131<\/p><\/li><li class=\"\" data-start=\"2144\" data-end=\"2175\"><p class=\"\" data-start=\"2146\" data-end=\"2175\">Tercihleriniz ve geri bildirimleriniz<\/p><\/li><li class=\"\" data-start=\"2176\" data-end=\"2219\"><p class=\"\" data-start=\"2178\" data-end=\"2219\">Teknik veriler (IP adresi, taray\u0131c\u0131 t\u00fcr\u00fc)<\/p><\/li><\/ul><h3 class=\"\" data-start=\"2221\" data-end=\"2246\">Verilerinizi Nas\u0131l Kullan\u0131yoruz:<\/h3><p class=\"\" data-start=\"2247\" data-end=\"2267\">Verilerinizi \u015fu ama\u00e7larla kullan\u0131r\u0131z:<\/p><ul data-start=\"2268\" data-end=\"2441\"><li class=\"\" data-start=\"2268\" data-end=\"2306\"><p class=\"\" data-start=\"2270\" data-end=\"2306\">Ki\u015fiselle\u015ftirilmi\u015f g\u00fczellik hizmetleri sunun<\/p><\/li><li class=\"\" data-start=\"2307\" data-end=\"2360\"><p class=\"\" data-start=\"2309\" data-end=\"2360\">Sorular\u0131n\u0131za yan\u0131t verin ve randevular\u0131 planlay\u0131n<\/p><\/li><li class=\"\" data-start=\"2361\" data-end=\"2395\"><p class=\"\" data-start=\"2363\" data-end=\"2395\">Web sitemizi ve hizmetlerimizi iyile\u015ftirmek<\/p><\/li><li class=\"\" data-start=\"2396\" data-end=\"2441\"><p class=\"\" data-start=\"2398\" data-end=\"2441\">E\u011fer kat\u0131l\u0131rsan\u0131z size promosyon mesajlar\u0131 g\u00f6ndermek<\/p><\/li><\/ul><h3 class=\"\" data-start=\"2443\" data-end=\"2460\">Veri Payla\u015f\u0131m\u0131:<\/h3><p class=\"\" data-start=\"2461\" data-end=\"2540\">Verilerinizi \u00fc\u00e7\u00fcnc\u00fc taraflara satm\u0131yor veya kiralam\u0131yoruz. Verilerinizi yaln\u0131zca payla\u015fabiliriz:<\/p><ul data-start=\"2541\" data-end=\"2621\"><li class=\"\" data-start=\"2541\" data-end=\"2579\"><p class=\"\" data-start=\"2543\" data-end=\"2579\">Bize yard\u0131mc\u0131 olan hizmet sa\u011flay\u0131c\u0131larla<\/p><\/li><li class=\"\" data-start=\"2580\" data-end=\"2621\"><p class=\"\" data-start=\"2582\" data-end=\"2621\">Kanun veya yasal makamlar taraf\u0131ndan gerekli g\u00f6r\u00fclmesi halinde<\/p><\/li><\/ul><h3 class=\"\" data-start=\"2623\" data-end=\"2641\">Veri G\u00fcvenli\u011fi:<\/h3><p class=\"\" data-start=\"2642\" data-end=\"2782\">Verilerinizi yetkisiz eri\u015fim, de\u011fi\u015fiklik veya imhaya kar\u015f\u0131 korumak i\u00e7in uygun teknik ve organizasyonel \u00f6nlemler uyguluyoruz.<\/p><h3 class=\"\" data-start=\"2784\" data-end=\"2800\">Haklar\u0131n\u0131z:<\/h3><p class=\"\" data-start=\"2801\" data-end=\"2809\">Yapabilirsin:<\/p><ul data-start=\"2810\" data-end=\"2923\"><li class=\"\" data-start=\"2810\" data-end=\"2855\"><p class=\"\" data-start=\"2812\" data-end=\"2855\">Ki\u015fisel bilgilerinize eri\u015fin ve g\u00fcncelleyin<\/p><\/li><li class=\"\" data-start=\"2856\" data-end=\"2887\"><p class=\"\" data-start=\"2858\" data-end=\"2887\">Verilerinizin silinmesini talep edin<\/p><\/li><li class=\"\" data-start=\"2888\" data-end=\"2923\"><p class=\"\" data-start=\"2890\" data-end=\"2923\">Onay\u0131n\u0131z\u0131 istedi\u011finiz zaman geri \u00e7ekebilirsiniz<\/p><\/li><\/ul><p class=\"\" data-start=\"2925\" data-end=\"2983\">Talepte bulunmak i\u00e7in bizimle ileti\u015fime ge\u00e7in:<br data-start=\"2958\" data-end=\"2961\" \/>\ud83d\udce7 <a class=\"cursor-pointer\" rel=\"noopener\" data-start=\"2964\" data-end=\"2983\">info@asyabeauty.com<\/a><\/p>\t\t\t\t\t\t\t\t<\/div>\n\t\t\t\t<\/div>\n\t\t\t\t\t<\/div>\n\t\t\t\t<\/div>\n\t\t\t\t<\/div>","protected":false},"excerpt":{"rendered":"<p>Gizlilik Politikas\u0131 Bu gizlilik politikas\u0131, Asya Beauty'nin web sitemizi ziyaret etti\u011finizde veya hizmetlerimizi kulland\u0131\u011f\u0131n\u0131zda ki\u015fisel bilgilerinizi nas\u0131l toplad\u0131\u011f\u0131n\u0131, kulland\u0131\u011f\u0131n\u0131, payla\u015ft\u0131\u011f\u0131n\u0131 ve korudu\u011funu a\u00e7\u0131klar. Toplad\u0131\u011f\u0131m\u0131z Bilgiler: Toplayabilece\u011fimiz bilgiler \u0130sim, e-posta adresi ve telefon numaras\u0131 Randevu ve hizmet detaylar\u0131 Tercihleriniz ve geri bildirimleriniz Teknik veriler (IP adresi, taray\u0131c\u0131 t\u00fcr\u00fc) Nas\u0131l Kullan\u0131yoruz [...]<\/p>","protected":false},"author":1,"featured_media":0,"parent":0,"menu_order":0,"comment_status":"closed","ping_status":"closed","template":"elementor_header_footer","meta":{"footnotes":""},"class_list":["post-615","page","type-page","status-publish","hentry"],"_links":{"self":[{"href":"https:\/\/asyabeauty.com\/tr\/wp-json\/wp\/v2\/pages\/615","targetHints":{"allow":["GET"]}}],"collection":[{"href":"https:\/\/asyabeauty.com\/tr\/wp-json\/wp\/v2\/pages"}],"about":[{"href":"https:\/\/asyabeauty.com\/tr\/wp-json\/wp\/v2\/types\/page"}],"author":[{"embeddable":true,"href":"https:\/\/asyabeauty.com\/tr\/wp-json\/wp\/v2\/users\/1"}],"replies":[{"embeddable":true,"href":"https:\/\/asyabeauty.com\/tr\/wp-json\/wp\/v2\/comments?post=615"}],"version-history":[{"count":0,"href":"https:\/\/asyabeauty.com\/tr\/wp-json\/wp\/v2\/pages\/615\/revisions"}],"wp:attachment":[{"href":"https:\/\/asyabeauty.com\/tr\/wp-json\/wp\/v2\/media?parent=615"}],"curies":[{"name":"wp","href":"https:\/\/api.w.org\/{rel}","templated":true}]}}